{"id":3073,"date":"2026-03-27T14:57:15","date_gmt":"2026-03-27T14:57:15","guid":{"rendered":"https:\/\/gpr.cl\/inmobiliaria\/?page_id=3073"},"modified":"2026-03-30T17:29:42","modified_gmt":"2026-03-30T17:29:42","slug":"arriendo-garantizado","status":"publish","type":"page","link":"https:\/\/gpr.cl\/inmobiliaria\/arriendo-garantizado\/","title":{"rendered":"Arriendo Garantizado"},"content":{"rendered":"\t\t<div data-elementor-type=\"wp-page\" data-elementor-id=\"3073\" class=\"elementor elementor-3073\" data-elementor-post-type=\"page\">\n\t\t\t\t<div class=\"elementor-element elementor-element-6b86039 e-con-full e-flex e-con e-parent\" data-id=\"6b86039\" data-element_type=\"container\" data-settings=\"{&quot;background_background&quot;:&quot;classic&quot;}\">\n\t\t<div class=\"elementor-element elementor-element-fe2cfb5 e-con-full e-flex e-con e-child\" data-id=\"fe2cfb5\" data-element_type=\"container\">\n\t\t\t\t<div class=\"elementor-element elementor-element-dba22c5 elementor-widget__width-initial elementor-widget-mobile__width-initial elementor-widget elementor-widget-text-editor\" data-id=\"dba22c5\" data-element_type=\"widget\" data-widget_type=\"text-editor.default\">\n\t\t\t\t\t\t\t\t\t<p><strong>En GPR, tu tranquilidad est\u00e1 garantizada<\/strong>:<br \/>Compra hoy y recibe tu <strong>Arriendo Garantizado por 1 a\u00f1o.<\/strong><\/p>\t\t\t\t\t\t\t\t<\/div>\n\t\t\t\t<\/div>\n\t\t\t\t<\/div>\n\t\t<div class=\"elementor-element elementor-element-7ad38bd5 e-con-full e-flex e-con e-parent\" data-id=\"7ad38bd5\" data-element_type=\"container\" data-settings=\"{&quot;background_background&quot;:&quot;classic&quot;}\">\n\t\t<div class=\"elementor-element elementor-element-2c8fd112 e-con-full elementor-hidden-mobile e-flex e-con e-child\" data-id=\"2c8fd112\" data-element_type=\"container\">\n\t\t\t\t<\/div>\n\t\t<div class=\"elementor-element elementor-element-8461a29 e-con-full e-flex e-con e-child\" data-id=\"8461a29\" data-element_type=\"container\">\n\t\t\t\t<div class=\"elementor-element elementor-element-ecfea6a elementor-widget elementor-widget-text-editor\" data-id=\"ecfea6a\" data-element_type=\"widget\" data-widget_type=\"text-editor.default\">\n\t\t\t\t\t\t\t\t\t<p><a href=\"https:\/\/gpr.cl\/inmobiliaria\/condominio-altos-del-penon-departamentos\/\" target=\"_blank\" rel=\"noopener\"><strong>CONOCE M\u00c1S<\/strong><\/a><\/p><p><a href=\"https:\/\/gpr.cl\/inmobiliaria\/condominio-altos-del-penon-departamentos\/\" target=\"_blank\" rel=\"noopener\">Condominio Altos del Pe\u00f1on<\/a><\/p>\t\t\t\t\t\t\t\t<\/div>\n\t\t\t\t<\/div>\n\t\t<div class=\"elementor-element elementor-element-5d35097 e-con-full e-flex e-con e-child\" data-id=\"5d35097\" data-element_type=\"container\">\n\t\t\t\t<div class=\"elementor-element elementor-element-8a54d9f elementor-widget elementor-widget-text-editor\" data-id=\"8a54d9f\" data-element_type=\"widget\" data-widget_type=\"text-editor.default\">\n\t\t\t\t\t\t\t\t\t<p><a href=\"https:\/\/gpr.cl\/inmobiliaria\/condominio-senderos-santa-clara-departamentos\/\" target=\"_blank\" rel=\"noopener\"><strong>CONOCE M\u00c1S<\/strong><\/a><\/p><p><a href=\"https:\/\/gpr.cl\/inmobiliaria\/condominio-senderos-santa-clara-departamentos\/\" target=\"_blank\" rel=\"noopener\">Condominio Senderos Santa Clara<\/a><\/p>\t\t\t\t\t\t\t\t<\/div>\n\t\t\t\t<\/div>\n\t\t\t\t<\/div>\n\t\t<div class=\"elementor-element elementor-element-16844c95 e-con-full e-flex e-con e-parent\" data-id=\"16844c95\" data-element_type=\"container\" data-settings=\"{&quot;background_background&quot;:&quot;classic&quot;}\">\n\t\t<div class=\"elementor-element elementor-element-7feafd2e e-con-full e-flex e-con e-child\" data-id=\"7feafd2e\" data-element_type=\"container\">\n\t\t\t\t<div class=\"elementor-element elementor-element-262e23cb elementor-widget elementor-widget-image\" data-id=\"262e23cb\" data-element_type=\"widget\" data-widget_type=\"image.default\">\n\t\t\t\t\t\t\t\t\t\t\t\t\t\t\t<img fetchpriority=\"high\" decoding=\"async\" width=\"900\" height=\"600\" src=\"https:\/\/gpr.cl\/inmobiliaria\/wp-content\/uploads\/2026\/03\/arrienda_garantizado_1.jpg\" class=\"attachment-full size-full wp-image-3091\" alt=\"\" srcset=\"https:\/\/gpr.cl\/inmobiliaria\/wp-content\/uploads\/2026\/03\/arrienda_garantizado_1.jpg 900w, https:\/\/gpr.cl\/inmobiliaria\/wp-content\/uploads\/2026\/03\/arrienda_garantizado_1-300x200.jpg 300w, https:\/\/gpr.cl\/inmobiliaria\/wp-content\/uploads\/2026\/03\/arrienda_garantizado_1-768x512.jpg 768w\" sizes=\"(max-width: 900px) 100vw, 900px\" \/>\t\t\t\t\t\t\t\t\t\t\t\t\t\t\t<\/div>\n\t\t\t\t<\/div>\n\t\t<div class=\"elementor-element elementor-element-2006d27a e-con-full e-flex e-con e-child\" data-id=\"2006d27a\" data-element_type=\"container\">\n\t\t\t\t<div class=\"elementor-element elementor-element-3ee67ae elementor-widget elementor-widget-text-editor\" data-id=\"3ee67ae\" data-element_type=\"widget\" data-widget_type=\"text-editor.default\">\n\t\t\t\t\t\t\t\t\t<p>Sabemos que dar el paso de comprar una propiedad es una decisi\u00f3n importante, ya sea para vivir o para invertir. En <strong>GPR<\/strong>, queremos que ese camino sea seguro y sin preocupaciones.<\/p><p>Por eso, nos hemos aliado con <strong>Asset Plan<\/strong>, l\u00edderes en administraci\u00f3n inmobiliaria en Chile, para ofrecerte un beneficio exclusivo: <strong>1 a\u00f1o completo de Arriendo <\/strong><strong>Asegurado.<\/strong><\/p>\t\t\t\t\t\t\t\t<\/div>\n\t\t<div class=\"elementor-element elementor-element-4347c37 e-grid e-con-full e-con e-child\" data-id=\"4347c37\" data-element_type=\"container\">\n\t\t\t\t<div class=\"elementor-element elementor-element-b29b559 elementor-widget elementor-widget-text-editor\" data-id=\"b29b559\" data-element_type=\"widget\" data-widget_type=\"text-editor.default\">\n\t\t\t\t\t\t\t\t\t<p><a href=\"https:\/\/cotizador.saladeventasdigital.com\/cotizador\/index.php?id_subagrupaciones=27&amp;key=inmobiliariagpr&amp;portal=&amp;open_dialog=true\" target=\"_blank\" rel=\"noopener\">COTIZAR <\/a><strong><a href=\"https:\/\/cotizador.saladeventasdigital.com\/cotizador\/index.php?id_subagrupaciones=27&amp;key=inmobiliariagpr&amp;portal=&amp;open_dialog=true\" target=\"_blank\" rel=\"noopener\">Condominio Altos del Pe\u00f1on<\/a><\/strong><\/p>\t\t\t\t\t\t\t\t<\/div>\n\t\t\t\t<div class=\"elementor-element elementor-element-654e407 elementor-widget elementor-widget-text-editor\" data-id=\"654e407\" data-element_type=\"widget\" data-widget_type=\"text-editor.default\">\n\t\t\t\t\t\t\t\t\t<p><a href=\"https:\/\/cotizador.saladeventasdigital.com\/cotizador\/index.php?id_subagrupaciones=28&amp;key=inmobiliariagpr&amp;portal=&amp;open_dialog=true\" target=\"_blank\" rel=\"noopener\">COTIZAR <strong>Condominio Senderos Santa Clara<\/strong><\/a><\/p>\t\t\t\t\t\t\t\t<\/div>\n\t\t\t\t<\/div>\n\t\t\t\t<\/div>\n\t\t\t\t<\/div>\n\t\t<div class=\"elementor-element elementor-element-948e947 e-con-full e-flex e-con e-parent\" data-id=\"948e947\" data-element_type=\"container\" data-settings=\"{&quot;background_background&quot;:&quot;classic&quot;}\">\n\t\t<div class=\"elementor-element elementor-element-a814d75 e-con-full e-flex e-con e-child\" data-id=\"a814d75\" data-element_type=\"container\">\n\t\t\t\t<div class=\"elementor-element elementor-element-5a394a7 elementor-widget elementor-widget-text-editor\" data-id=\"5a394a7\" data-element_type=\"widget\" data-widget_type=\"text-editor.default\">\n\t\t\t\t\t\t\t\t\t<p><span style=\"color: #000000;\"><strong>\u00bfQu\u00e9 significa esto para ti?<\/strong><\/span><\/p><p>Si compras tu nuevo departamento en <strong>Condominio Altos del Pe\u00f1\u00f3n (Puente Alto)<\/strong> o en <strong>Condominio Senderos Santa Clara (Coquimbo)<\/strong>, recibir\u00e1s el pago de tu arriendo mes a mes durante el primer a\u00f1o, est\u00e9 o no arrendada tu propiedad.<\/p><p><strong>Olv\u00eddate de la vacancia y los tr\u00e1mites. Nosotros nos encargamos de todo para que t\u00fa solo disfrutes de los beneficios de ser propietario.<\/strong><\/p>\t\t\t\t\t\t\t\t<\/div>\n\t\t<div class=\"elementor-element elementor-element-acb029f e-grid e-con-full e-con e-child\" data-id=\"acb029f\" data-element_type=\"container\">\n\t\t\t\t<div class=\"elementor-element elementor-element-f31f6fc elementor-widget elementor-widget-text-editor\" data-id=\"f31f6fc\" data-element_type=\"widget\" data-widget_type=\"text-editor.default\">\n\t\t\t\t\t\t\t\t\t<p><a href=\"https:\/\/cotizador.saladeventasdigital.com\/cotizador\/index.php?id_subagrupaciones=27&amp;key=inmobiliariagpr&amp;portal=&amp;open_dialog=true\" target=\"_blank\" rel=\"noopener\">COTIZAR <\/a><strong><a href=\"https:\/\/cotizador.saladeventasdigital.com\/cotizador\/index.php?id_subagrupaciones=27&amp;key=inmobiliariagpr&amp;portal=&amp;open_dialog=true\" target=\"_blank\" rel=\"noopener\">Condominio Altos del Pe\u00f1on<\/a><\/strong><\/p>\t\t\t\t\t\t\t\t<\/div>\n\t\t\t\t<div class=\"elementor-element elementor-element-8e8b399 elementor-widget elementor-widget-text-editor\" data-id=\"8e8b399\" data-element_type=\"widget\" data-widget_type=\"text-editor.default\">\n\t\t\t\t\t\t\t\t\t<p><a href=\"https:\/\/cotizador.saladeventasdigital.com\/cotizador\/index.php?id_subagrupaciones=28&amp;key=inmobiliariagpr&amp;portal=&amp;open_dialog=true\" target=\"_blank\" rel=\"noopener\">COTIZAR <strong>Condominio Senderos Santa Clara<\/strong><\/a><\/p>\t\t\t\t\t\t\t\t<\/div>\n\t\t\t\t<\/div>\n\t\t\t\t<\/div>\n\t\t<div class=\"elementor-element elementor-element-214e8ee e-con-full e-flex e-con e-child\" data-id=\"214e8ee\" data-element_type=\"container\">\n\t\t\t\t<div class=\"elementor-element elementor-element-917fdff elementor-widget elementor-widget-image\" data-id=\"917fdff\" data-element_type=\"widget\" data-widget_type=\"image.default\">\n\t\t\t\t\t\t\t\t\t\t\t\t\t\t\t<img decoding=\"async\" width=\"900\" height=\"600\" src=\"https:\/\/gpr.cl\/inmobiliaria\/wp-content\/uploads\/2026\/03\/arrienda_garantizado_2.jpg\" class=\"attachment-full size-full wp-image-3092\" alt=\"\" srcset=\"https:\/\/gpr.cl\/inmobiliaria\/wp-content\/uploads\/2026\/03\/arrienda_garantizado_2.jpg 900w, https:\/\/gpr.cl\/inmobiliaria\/wp-content\/uploads\/2026\/03\/arrienda_garantizado_2-300x200.jpg 300w, https:\/\/gpr.cl\/inmobiliaria\/wp-content\/uploads\/2026\/03\/arrienda_garantizado_2-768x512.jpg 768w\" sizes=\"(max-width: 900px) 100vw, 900px\" \/>\t\t\t\t\t\t\t\t\t\t\t\t\t\t\t<\/div>\n\t\t\t\t<\/div>\n\t\t\t\t<\/div>\n\t\t\t\t<\/div>\n\t\t","protected":false},"excerpt":{"rendered":"<p>En GPR, tu tranquilidad est\u00e1 garantizada:Compra hoy y recibe tu Arriendo Garantizado por 1 a\u00f1o. CONOCE M\u00c1S Condominio Altos del Pe\u00f1on CONOCE M\u00c1S Condominio Senderos Santa Clara Sabemos que dar el paso de comprar una propiedad es una decisi\u00f3n importante, ya sea para vivir o para invertir. En GPR, queremos que ese camino sea seguro [&hellip;]<\/p>\n","protected":false},"author":1,"featured_media":0,"parent":0,"menu_order":0,"comment_status":"closed","ping_status":"closed","template":"elementor_header_footer","meta":{"footnotes":""},"class_list":["post-3073","page","type-page","status-publish","hentry"],"_links":{"self":[{"href":"https:\/\/gpr.cl\/inmobiliaria\/wp-json\/wp\/v2\/pages\/3073","targetHints":{"allow":["GET"]}}],"collection":[{"href":"https:\/\/gpr.cl\/inmobiliaria\/wp-json\/wp\/v2\/pages"}],"about":[{"href":"https:\/\/gpr.cl\/inmobiliaria\/wp-json\/wp\/v2\/types\/page"}],"author":[{"embeddable":true,"href":"https:\/\/gpr.cl\/inmobiliaria\/wp-json\/wp\/v2\/users\/1"}],"replies":[{"embeddable":true,"href":"https:\/\/gpr.cl\/inmobiliaria\/wp-json\/wp\/v2\/comments?post=3073"}],"version-history":[{"count":103,"href":"https:\/\/gpr.cl\/inmobiliaria\/wp-json\/wp\/v2\/pages\/3073\/revisions"}],"predecessor-version":[{"id":3187,"href":"https:\/\/gpr.cl\/inmobiliaria\/wp-json\/wp\/v2\/pages\/3073\/revisions\/3187"}],"wp:attachment":[{"href":"https:\/\/gpr.cl\/inmobiliaria\/wp-json\/wp\/v2\/media?parent=3073"}],"curies":[{"name":"wp","href":"https:\/\/api.w.org\/{rel}","templated":true}]}}