{"id":1656,"date":"2025-09-16T05:54:39","date_gmt":"2025-09-16T05:54:39","guid":{"rendered":"https:\/\/gpr.cl\/outlet\/?page_id=1656"},"modified":"2026-03-31T14:54:58","modified_gmt":"2026-03-31T14:54:58","slug":"bio-bio","status":"publish","type":"page","link":"https:\/\/gpr.cl\/inmobiliaria\/bio-bio\/","title":{"rendered":"B\u00edo B\u00edo"},"content":{"rendered":"\t\t<div data-elementor-type=\"wp-page\" data-elementor-id=\"1656\" class=\"elementor elementor-1656\" data-elementor-post-type=\"page\">\n\t\t\t\t<div class=\"elementor-element elementor-element-6b86039 e-con-full e-flex e-con e-parent\" data-id=\"6b86039\" data-element_type=\"container\" data-settings=\"{&quot;background_background&quot;:&quot;classic&quot;}\">\n\t\t\t\t<div class=\"elementor-element elementor-element-6a9cce8 animated-slow elementor-invisible elementor-widget elementor-widget-heading\" data-id=\"6a9cce8\" data-element_type=\"widget\" data-settings=\"{&quot;_animation&quot;:&quot;fadeInDown&quot;,&quot;_animation_delay&quot;:300}\" data-widget_type=\"heading.default\">\n\t\t\t\t\t<h2 class=\"elementor-heading-title elementor-size-default\">B\u00cdO B\u00cdO<\/h2>\t\t\t\t<\/div>\n\t\t\t\t<\/div>\n\t\t<div class=\"elementor-element elementor-element-79b2064 e-con-full e-flex e-con e-parent\" data-id=\"79b2064\" data-element_type=\"container\" data-settings=\"{&quot;background_background&quot;:&quot;classic&quot;}\">\n\t\t<div class=\"elementor-element elementor-element-8803c92 e-con-full e-flex e-con e-child\" data-id=\"8803c92\" data-element_type=\"container\">\n\t\t\t\t<div class=\"elementor-element elementor-element-cc67ce6 elementor-widget elementor-widget-image\" data-id=\"cc67ce6\" data-element_type=\"widget\" data-widget_type=\"image.default\">\n\t\t\t\t\t\t\t\t\t\t\t\t\t\t\t\t<a href=\"https:\/\/gpr.cl\/inmobiliaria\/condominio-hacienda-junquillar-casas\/\">\n\t\t\t\t\t\t\t<img decoding=\"async\" src=\"https:\/\/gpr.cl\/inmobiliaria\/wp-content\/uploads\/elementor\/thumbs\/DSC00698_1c-scaled-rlbn8nh4xyaqwoin0bijswoxg0lps7rs7dlaklzqtw.jpg\" title=\"DSC00698_1c\" alt=\"DSC00698_1c\" loading=\"lazy\" \/>\t\t\t\t\t\t\t\t<\/a>\n\t\t\t\t\t\t\t\t\t\t\t\t\t\t\t<\/div>\n\t\t\t\t<div class=\"elementor-element elementor-element-0de37e9 elementor-widget elementor-widget-heading\" data-id=\"0de37e9\" data-element_type=\"widget\" data-widget_type=\"heading.default\">\n\t\t\t\t\t<h2 class=\"elementor-heading-title elementor-size-default\"><a href=\"https:\/\/gpr.cl\/inmobiliaria\/condominio-hacienda-junquillar-casas\/\">CONDOMINIO HACIENDA JUNQUILLAR<\/a><\/h2>\t\t\t\t<\/div>\n\t\t\t\t<div class=\"elementor-element elementor-element-6f574d5 elementor-widget elementor-widget-heading\" data-id=\"6f574d5\" data-element_type=\"widget\" data-widget_type=\"heading.default\">\n\t\t\t\t\t<h2 class=\"elementor-heading-title elementor-size-default\">SAN PEDRO DE LA PAZ - CONCEPCI\u00d3N<\/h2>\t\t\t\t<\/div>\n\t\t<div class=\"elementor-element elementor-element-41554e4 e-grid e-con-full e-con e-child\" data-id=\"41554e4\" data-element_type=\"container\">\n\t\t\t\t<div class=\"elementor-element elementor-element-7a29aea elementor-align-right elementor-widget elementor-widget-button\" data-id=\"7a29aea\" data-element_type=\"widget\" data-widget_type=\"button.default\">\n\t\t\t\t\t\t\t\t\t\t<a class=\"elementor-button elementor-button-link elementor-size-sm\" href=\"#\" target=\"_blank\">\n\t\t\t\t\t\t<span class=\"elementor-button-content-wrapper\">\n\t\t\t\t\t\t\t\t\t<span class=\"elementor-button-text\">ENTREGA INMEDIATA<\/span>\n\t\t\t\t\t<\/span>\n\t\t\t\t\t<\/a>\n\t\t\t\t\t\t\t\t<\/div>\n\t\t\t\t<\/div>\n\t\t<div class=\"elementor-element elementor-element-af842d2 e-grid e-con-full e-con e-child\" data-id=\"af842d2\" data-element_type=\"container\" data-settings=\"{&quot;background_background&quot;:&quot;classic&quot;}\">\n\t\t\t\t<div class=\"elementor-element elementor-element-4df9d93 elementor-widget elementor-widget-image\" data-id=\"4df9d93\" data-element_type=\"widget\" data-widget_type=\"image.default\">\n\t\t\t\t\t\t\t\t\t\t\t\t\t\t\t<img decoding=\"async\" src=\"https:\/\/gpr.cl\/inmobiliaria\/wp-content\/uploads\/elementor\/thumbs\/icono_dormitorios-rar5ke99ag431srxndhm0couk6kjt0lalb1gg2vqso.jpg\" title=\"icono_dormitorios\" alt=\"icono_dormitorios\" loading=\"lazy\" \/>\t\t\t\t\t\t\t\t\t\t\t\t\t\t\t<\/div>\n\t\t\t\t<div class=\"elementor-element elementor-element-62e5d30 elementor-widget elementor-widget-image\" data-id=\"62e5d30\" data-element_type=\"widget\" data-widget_type=\"image.default\">\n\t\t\t\t\t\t\t\t\t\t\t\t\t\t\t<img decoding=\"async\" src=\"https:\/\/gpr.cl\/inmobiliaria\/wp-content\/uploads\/elementor\/thumbs\/icono_banos-rar5n7rtsjz1vooh6ldbhn2mpso6wbsaz9hw9yp84o.jpg\" title=\"icono_banos\" alt=\"icono_banos\" loading=\"lazy\" \/>\t\t\t\t\t\t\t\t\t\t\t\t\t\t\t<\/div>\n\t\t\t\t<div class=\"elementor-element elementor-element-1592a87 elementor-widget elementor-widget-image\" data-id=\"1592a87\" data-element_type=\"widget\" data-widget_type=\"image.default\">\n\t\t\t\t\t\t\t\t\t\t\t\t\t\t\t<img decoding=\"async\" src=\"https:\/\/gpr.cl\/inmobiliaria\/wp-content\/uploads\/elementor\/thumbs\/icono_m2-rar5n5w5evwh8gr7hkk2cnjpj0xggxkub06xbes0h4.jpg\" title=\"icono_m2\" alt=\"icono_m2\" loading=\"lazy\" \/>\t\t\t\t\t\t\t\t\t\t\t\t\t\t\t<\/div>\n\t\t\t\t<div class=\"elementor-element elementor-element-743b74e elementor-widget elementor-widget-text-editor\" data-id=\"743b74e\" data-element_type=\"widget\" data-widget_type=\"text-editor.default\">\n\t\t\t\t\t\t\t\t\t<p>3<\/p>\n<p><strong>Dormitorios<\/strong><\/p>\t\t\t\t\t\t\t\t<\/div>\n\t\t\t\t<div class=\"elementor-element elementor-element-b88e70d elementor-widget elementor-widget-text-editor\" data-id=\"b88e70d\" data-element_type=\"widget\" data-widget_type=\"text-editor.default\">\n\t\t\t\t\t\t\t\t\t<p>2 &#8211; 3<\/p><p><strong>Ba\u00f1os<\/strong><\/p>\t\t\t\t\t\t\t\t<\/div>\n\t\t\t\t<div class=\"elementor-element elementor-element-b8ef48e elementor-widget elementor-widget-text-editor\" data-id=\"b8ef48e\" data-element_type=\"widget\" data-widget_type=\"text-editor.default\">\n\t\t\t\t\t\t\t\t\t<p>Desde 58 m\u00b2\u00a0<\/p><p><strong>Superficie<\/strong><\/p>\t\t\t\t\t\t\t\t<\/div>\n\t\t\t\t<\/div>\n\t\t<div class=\"elementor-element elementor-element-e5cf5fc e-grid e-con-full e-con e-child\" data-id=\"e5cf5fc\" data-element_type=\"container\" data-settings=\"{&quot;background_background&quot;:&quot;classic&quot;}\">\n\t\t\t\t<div class=\"elementor-element elementor-element-964c3d9 elementor-widget elementor-widget-heading\" data-id=\"964c3d9\" data-element_type=\"widget\" data-widget_type=\"heading.default\">\n\t\t\t\t\t<h2 class=\"elementor-heading-title elementor-size-default\">DESDE 3.561 UF<\/h2>\t\t\t\t<\/div>\n\t\t\t\t<div class=\"elementor-element elementor-element-bfb3d19 elementor-align-right elementor-widget elementor-widget-button\" data-id=\"bfb3d19\" data-element_type=\"widget\" data-widget_type=\"button.default\">\n\t\t\t\t\t\t\t\t\t\t<a class=\"elementor-button elementor-button-link elementor-size-sm\" href=\"https:\/\/cotizador.saladeventasdigital.com\/cotizador\/index.php?id_subagrupaciones=42&#038;key=inmobiliariagpr&#038;portal=&#038;open_dialog=true\" target=\"_blank\">\n\t\t\t\t\t\t<span class=\"elementor-button-content-wrapper\">\n\t\t\t\t\t\t\t\t\t<span class=\"elementor-button-text\">COTIZAR<\/span>\n\t\t\t\t\t<\/span>\n\t\t\t\t\t<\/a>\n\t\t\t\t\t\t\t\t<\/div>\n\t\t\t\t<\/div>\n\t\t\t\t<\/div>\n\t\t<div class=\"elementor-element elementor-element-802559a e-con-full e-flex e-con e-child\" data-id=\"802559a\" data-element_type=\"container\">\n\t\t\t\t<div class=\"elementor-element elementor-element-cdbe82f elementor-widget elementor-widget-image\" data-id=\"cdbe82f\" data-element_type=\"widget\" data-widget_type=\"image.default\">\n\t\t\t\t\t\t\t\t\t\t\t\t\t\t\t\t<a href=\"https:\/\/gpr.cl\/inmobiliaria\/condominio-jardines-los-batros-casas\/\">\n\t\t\t\t\t\t\t<img decoding=\"async\" src=\"https:\/\/gpr.cl\/inmobiliaria\/wp-content\/uploads\/elementor\/thumbs\/losbatrosmain-rcajzvz63resl6mgztwnmq4tmxazgpf970csnck3o4.jpg\" title=\"losbatrosmain\" alt=\"losbatrosmain\" loading=\"lazy\" \/>\t\t\t\t\t\t\t\t<\/a>\n\t\t\t\t\t\t\t\t\t\t\t\t\t\t\t<\/div>\n\t\t\t\t<div class=\"elementor-element elementor-element-c4fd691 elementor-widget elementor-widget-heading\" data-id=\"c4fd691\" data-element_type=\"widget\" data-widget_type=\"heading.default\">\n\t\t\t\t\t<h2 class=\"elementor-heading-title elementor-size-default\"><a href=\"https:\/\/gpr.cl\/inmobiliaria\/condominio-jardines-los-batros-casas\/\">CONDOMINIO JARD\u00cdNES LOS BATROS<\/a><\/h2>\t\t\t\t<\/div>\n\t\t\t\t<div class=\"elementor-element elementor-element-12a9343 elementor-widget elementor-widget-heading\" data-id=\"12a9343\" data-element_type=\"widget\" data-widget_type=\"heading.default\">\n\t\t\t\t\t<h2 class=\"elementor-heading-title elementor-size-default\">SAN PEDRO DE LA PAZ - CONCEPCI\u00d3N<\/h2>\t\t\t\t<\/div>\n\t\t<div class=\"elementor-element elementor-element-1aa91d9 e-grid e-con-full e-con e-child\" data-id=\"1aa91d9\" data-element_type=\"container\">\n\t\t\t\t<div class=\"elementor-element elementor-element-7f5854e elementor-align-right elementor-widget elementor-widget-button\" data-id=\"7f5854e\" data-element_type=\"widget\" data-widget_type=\"button.default\">\n\t\t\t\t\t\t\t\t\t\t<a class=\"elementor-button elementor-button-link elementor-size-sm\" href=\"#\" target=\"_blank\">\n\t\t\t\t\t\t<span class=\"elementor-button-content-wrapper\">\n\t\t\t\t\t\t\t\t\t<span class=\"elementor-button-text\">VENTA EN VERDE<\/span>\n\t\t\t\t\t<\/span>\n\t\t\t\t\t<\/a>\n\t\t\t\t\t\t\t\t<\/div>\n\t\t\t\t<\/div>\n\t\t<div class=\"elementor-element elementor-element-8d1dc7d e-grid e-con-full e-con e-child\" data-id=\"8d1dc7d\" data-element_type=\"container\" data-settings=\"{&quot;background_background&quot;:&quot;classic&quot;}\">\n\t\t\t\t<div class=\"elementor-element elementor-element-c8a4d87 elementor-widget elementor-widget-image\" data-id=\"c8a4d87\" data-element_type=\"widget\" data-widget_type=\"image.default\">\n\t\t\t\t\t\t\t\t\t\t\t\t\t\t\t<img decoding=\"async\" src=\"https:\/\/gpr.cl\/inmobiliaria\/wp-content\/uploads\/elementor\/thumbs\/icono_dormitorios-rar5ke99ag431srxndhm0couk6kjt0lalb1gg2vqso.jpg\" title=\"icono_dormitorios\" alt=\"icono_dormitorios\" loading=\"lazy\" \/>\t\t\t\t\t\t\t\t\t\t\t\t\t\t\t<\/div>\n\t\t\t\t<div class=\"elementor-element elementor-element-37527ae elementor-widget elementor-widget-image\" data-id=\"37527ae\" data-element_type=\"widget\" data-widget_type=\"image.default\">\n\t\t\t\t\t\t\t\t\t\t\t\t\t\t\t<img decoding=\"async\" src=\"https:\/\/gpr.cl\/inmobiliaria\/wp-content\/uploads\/elementor\/thumbs\/icono_banos-rar5n7rtsjz1vooh6ldbhn2mpso6wbsaz9hw9yp84o.jpg\" title=\"icono_banos\" alt=\"icono_banos\" loading=\"lazy\" \/>\t\t\t\t\t\t\t\t\t\t\t\t\t\t\t<\/div>\n\t\t\t\t<div class=\"elementor-element elementor-element-c515fe7 elementor-widget elementor-widget-image\" data-id=\"c515fe7\" data-element_type=\"widget\" data-widget_type=\"image.default\">\n\t\t\t\t\t\t\t\t\t\t\t\t\t\t\t<img decoding=\"async\" src=\"https:\/\/gpr.cl\/inmobiliaria\/wp-content\/uploads\/elementor\/thumbs\/icono_m2-rar5n5w5evwh8gr7hkk2cnjpj0xggxkub06xbes0h4.jpg\" title=\"icono_m2\" alt=\"icono_m2\" loading=\"lazy\" \/>\t\t\t\t\t\t\t\t\t\t\t\t\t\t\t<\/div>\n\t\t\t\t<div class=\"elementor-element elementor-element-df29865 elementor-widget elementor-widget-text-editor\" data-id=\"df29865\" data-element_type=\"widget\" data-widget_type=\"text-editor.default\">\n\t\t\t\t\t\t\t\t\t<p>3<\/p>\n<p><strong>Dormitorios<\/strong><\/p>\t\t\t\t\t\t\t\t<\/div>\n\t\t\t\t<div class=\"elementor-element elementor-element-44215cb elementor-widget elementor-widget-text-editor\" data-id=\"44215cb\" data-element_type=\"widget\" data-widget_type=\"text-editor.default\">\n\t\t\t\t\t\t\t\t\t<p>2 &#8211; 3<\/p><p><strong>Ba\u00f1os<\/strong><\/p>\t\t\t\t\t\t\t\t<\/div>\n\t\t\t\t<div class=\"elementor-element elementor-element-ace3326 elementor-widget elementor-widget-text-editor\" data-id=\"ace3326\" data-element_type=\"widget\" data-widget_type=\"text-editor.default\">\n\t\t\t\t\t\t\t\t\t<p>Desde 80 m\u00b2\u00a0<\/p><p><strong>Superficie<\/strong><\/p>\t\t\t\t\t\t\t\t<\/div>\n\t\t\t\t<\/div>\n\t\t<div class=\"elementor-element elementor-element-ea91160 e-grid e-con-full e-con e-child\" data-id=\"ea91160\" data-element_type=\"container\" data-settings=\"{&quot;background_background&quot;:&quot;classic&quot;}\">\n\t\t\t\t<div class=\"elementor-element elementor-element-4801161 elementor-widget elementor-widget-heading\" data-id=\"4801161\" data-element_type=\"widget\" data-widget_type=\"heading.default\">\n\t\t\t\t\t<h2 class=\"elementor-heading-title elementor-size-default\">DESDE 4.229 UF<\/h2>\t\t\t\t<\/div>\n\t\t\t\t<div class=\"elementor-element elementor-element-dbd6bef elementor-align-right elementor-widget elementor-widget-button\" data-id=\"dbd6bef\" data-element_type=\"widget\" data-widget_type=\"button.default\">\n\t\t\t\t\t\t\t\t\t\t<a class=\"elementor-button elementor-button-link elementor-size-sm\" href=\"https:\/\/cotizador.saladeventasdigital.com\/cotizador\/index.php?id_subagrupaciones=45&#038;key=inmobiliariagpr&#038;portal=&#038;open_dialog=true\" target=\"_blank\">\n\t\t\t\t\t\t<span class=\"elementor-button-content-wrapper\">\n\t\t\t\t\t\t\t\t\t<span class=\"elementor-button-text\">COTIZAR<\/span>\n\t\t\t\t\t<\/span>\n\t\t\t\t\t<\/a>\n\t\t\t\t\t\t\t\t<\/div>\n\t\t\t\t<\/div>\n\t\t\t\t<\/div>\n\t\t<div class=\"elementor-element elementor-element-11201706 e-con-full elementor-hidden-desktop elementor-hidden-tablet elementor-hidden-mobile e-flex e-con e-child\" data-id=\"11201706\" data-element_type=\"container\">\n\t\t\t\t<div class=\"elementor-element elementor-element-39430f42 elementor-widget elementor-widget-image\" data-id=\"39430f42\" data-element_type=\"widget\" data-widget_type=\"image.default\">\n\t\t\t\t\t\t\t\t\t\t\t\t\t\t\t\t<a href=\"https:\/\/gpr.cl\/inmobiliaria\/condominio-altos-de-hualpen-iii-deptos\/\">\n\t\t\t\t\t\t\t<img decoding=\"async\" src=\"https:\/\/gpr.cl\/inmobiliaria\/wp-content\/uploads\/elementor\/thumbs\/condominioaltosdehualpeniii_grupo2_03-rbrw16aku25brazgrrfa1o205w937iyuy3fau2dbx0.jpg\" title=\"condominioaltosdehualpeniii_grupo2_03\" alt=\"condominioaltosdehualpeniii_grupo2_03\" loading=\"lazy\" \/>\t\t\t\t\t\t\t\t<\/a>\n\t\t\t\t\t\t\t\t\t\t\t\t\t\t\t<\/div>\n\t\t\t\t<div class=\"elementor-element elementor-element-32c0cf8e elementor-widget elementor-widget-heading\" data-id=\"32c0cf8e\" data-element_type=\"widget\" data-widget_type=\"heading.default\">\n\t\t\t\t\t<h2 class=\"elementor-heading-title elementor-size-default\"><a href=\"https:\/\/gpr.cl\/inmobiliaria\/condominio-altos-de-hualpen-iii-deptos\/\">CONDOMINIO ALTOS DE HUALP\u00c9N III<BR>\nDEPARTAMENTOS<\/a><\/h2>\t\t\t\t<\/div>\n\t\t\t\t<div class=\"elementor-element elementor-element-713c7bf elementor-widget elementor-widget-heading\" data-id=\"713c7bf\" data-element_type=\"widget\" data-widget_type=\"heading.default\">\n\t\t\t\t\t<h2 class=\"elementor-heading-title elementor-size-default\">CONCEPCI\u00d3N<\/h2>\t\t\t\t<\/div>\n\t\t<div class=\"elementor-element elementor-element-5349a4f e-grid e-con-full e-con e-child\" data-id=\"5349a4f\" data-element_type=\"container\">\n\t\t\t\t<div class=\"elementor-element elementor-element-3cd5a2b2 elementor-align-right elementor-widget elementor-widget-button\" data-id=\"3cd5a2b2\" data-element_type=\"widget\" data-widget_type=\"button.default\">\n\t\t\t\t\t\t\t\t\t\t<a class=\"elementor-button elementor-button-link elementor-size-sm\" href=\"#\" target=\"_blank\">\n\t\t\t\t\t\t<span class=\"elementor-button-content-wrapper\">\n\t\t\t\t\t\t\t\t\t<span class=\"elementor-button-text\">ENTREGA INMEDIATA<\/span>\n\t\t\t\t\t<\/span>\n\t\t\t\t\t<\/a>\n\t\t\t\t\t\t\t\t<\/div>\n\t\t\t\t<\/div>\n\t\t<div class=\"elementor-element elementor-element-24be64b4 e-grid e-con-full e-con e-child\" data-id=\"24be64b4\" data-element_type=\"container\" data-settings=\"{&quot;background_background&quot;:&quot;classic&quot;}\">\n\t\t\t\t<div class=\"elementor-element elementor-element-6d616952 elementor-widget elementor-widget-image\" data-id=\"6d616952\" data-element_type=\"widget\" data-widget_type=\"image.default\">\n\t\t\t\t\t\t\t\t\t\t\t\t\t\t\t<img decoding=\"async\" src=\"https:\/\/gpr.cl\/inmobiliaria\/wp-content\/uploads\/elementor\/thumbs\/icono_dormitorios-rar5ke99ag431srxndhm0couk6kjt0lalb1gg2vqso.jpg\" title=\"icono_dormitorios\" alt=\"icono_dormitorios\" loading=\"lazy\" \/>\t\t\t\t\t\t\t\t\t\t\t\t\t\t\t<\/div>\n\t\t\t\t<div class=\"elementor-element elementor-element-5b0f1800 elementor-widget elementor-widget-image\" data-id=\"5b0f1800\" data-element_type=\"widget\" data-widget_type=\"image.default\">\n\t\t\t\t\t\t\t\t\t\t\t\t\t\t\t<img decoding=\"async\" src=\"https:\/\/gpr.cl\/inmobiliaria\/wp-content\/uploads\/elementor\/thumbs\/icono_banos-rar5n7rtsjz1vooh6ldbhn2mpso6wbsaz9hw9yp84o.jpg\" title=\"icono_banos\" alt=\"icono_banos\" loading=\"lazy\" \/>\t\t\t\t\t\t\t\t\t\t\t\t\t\t\t<\/div>\n\t\t\t\t<div class=\"elementor-element elementor-element-6779f5a7 elementor-widget elementor-widget-image\" data-id=\"6779f5a7\" data-element_type=\"widget\" data-widget_type=\"image.default\">\n\t\t\t\t\t\t\t\t\t\t\t\t\t\t\t<img decoding=\"async\" src=\"https:\/\/gpr.cl\/inmobiliaria\/wp-content\/uploads\/elementor\/thumbs\/icono_m2-rar5n5w5evwh8gr7hkk2cnjpj0xggxkub06xbes0h4.jpg\" title=\"icono_m2\" alt=\"icono_m2\" loading=\"lazy\" \/>\t\t\t\t\t\t\t\t\t\t\t\t\t\t\t<\/div>\n\t\t\t\t<div class=\"elementor-element elementor-element-6ecab10e elementor-widget elementor-widget-text-editor\" data-id=\"6ecab10e\" data-element_type=\"widget\" data-widget_type=\"text-editor.default\">\n\t\t\t\t\t\t\t\t\t<p>2 &#8211; 3<\/p>\n<p><strong>Dormitorios<\/strong><\/p>\t\t\t\t\t\t\t\t<\/div>\n\t\t\t\t<div class=\"elementor-element elementor-element-27bd7b20 elementor-widget elementor-widget-text-editor\" data-id=\"27bd7b20\" data-element_type=\"widget\" data-widget_type=\"text-editor.default\">\n\t\t\t\t\t\t\t\t\t<p>1<\/p>\n<p><strong>Ba\u00f1o<\/strong><\/p>\t\t\t\t\t\t\t\t<\/div>\n\t\t\t\t<div class=\"elementor-element elementor-element-5647ac57 elementor-widget elementor-widget-text-editor\" data-id=\"5647ac57\" data-element_type=\"widget\" data-widget_type=\"text-editor.default\">\n\t\t\t\t\t\t\t\t\t<p>Desde 50 m\u00b2\u00a0<\/p>\n<p><strong>Superficie<\/strong><\/p>\t\t\t\t\t\t\t\t<\/div>\n\t\t\t\t<\/div>\n\t\t<div class=\"elementor-element elementor-element-68951abe e-grid e-con-full e-con e-child\" data-id=\"68951abe\" data-element_type=\"container\" data-settings=\"{&quot;background_background&quot;:&quot;classic&quot;}\">\n\t\t\t\t<div class=\"elementor-element elementor-element-571dcbcf elementor-widget elementor-widget-heading\" data-id=\"571dcbcf\" data-element_type=\"widget\" data-widget_type=\"heading.default\">\n\t\t\t\t\t<h2 class=\"elementor-heading-title elementor-size-default\">DESDE 2.322 UF<\/h2>\t\t\t\t<\/div>\n\t\t\t\t<div class=\"elementor-element elementor-element-1f522e84 elementor-align-right elementor-widget elementor-widget-button\" data-id=\"1f522e84\" data-element_type=\"widget\" data-widget_type=\"button.default\">\n\t\t\t\t\t\t\t\t\t\t<a class=\"elementor-button elementor-button-link elementor-size-sm\" href=\"https:\/\/cotizador.saladeventasdigital.com\/cotizador\/index.php?id_subagrupaciones=23&#038;key=inmobiliariagpr&#038;portal=&#038;open_dialog=true\" target=\"_blank\">\n\t\t\t\t\t\t<span class=\"elementor-button-content-wrapper\">\n\t\t\t\t\t\t\t\t\t<span class=\"elementor-button-text\">COTIZAR<\/span>\n\t\t\t\t\t<\/span>\n\t\t\t\t\t<\/a>\n\t\t\t\t\t\t\t\t<\/div>\n\t\t\t\t<\/div>\n\t\t\t\t<\/div>\n\t\t\t\t<\/div>\n\t\t\t\t<\/div>\n\t\t","protected":false},"excerpt":{"rendered":"<p>B\u00cdO B\u00cdO CONDOMINIO HACIENDA JUNQUILLAR SAN PEDRO DE LA PAZ &#8211; CONCEPCI\u00d3N ENTREGA INMEDIATA 3 Dormitorios 2 &#8211; 3 Ba\u00f1os Desde 58 m\u00b2\u00a0 Superficie DESDE 3.561 UF COTIZAR CONDOMINIO JARD\u00cdNES LOS BATROS SAN PEDRO DE LA PAZ &#8211; CONCEPCI\u00d3N VENTA EN VERDE 3 Dormitorios 2 &#8211; 3 Ba\u00f1os Desde 80 m\u00b2\u00a0 Superficie DESDE 4.229 UF [&hellip;]<\/p>\n","protected":false},"author":1,"featured_media":0,"parent":0,"menu_order":0,"comment_status":"closed","ping_status":"closed","template":"elementor_header_footer","meta":{"footnotes":""},"class_list":["post-1656","page","type-page","status-publish","hentry"],"_links":{"self":[{"href":"https:\/\/gpr.cl\/inmobiliaria\/wp-json\/wp\/v2\/pages\/1656","targetHints":{"allow":["GET"]}}],"collection":[{"href":"https:\/\/gpr.cl\/inmobiliaria\/wp-json\/wp\/v2\/pages"}],"about":[{"href":"https:\/\/gpr.cl\/inmobiliaria\/wp-json\/wp\/v2\/types\/page"}],"author":[{"embeddable":true,"href":"https:\/\/gpr.cl\/inmobiliaria\/wp-json\/wp\/v2\/users\/1"}],"replies":[{"embeddable":true,"href":"https:\/\/gpr.cl\/inmobiliaria\/wp-json\/wp\/v2\/comments?post=1656"}],"version-history":[{"count":43,"href":"https:\/\/gpr.cl\/inmobiliaria\/wp-json\/wp\/v2\/pages\/1656\/revisions"}],"predecessor-version":[{"id":3207,"href":"https:\/\/gpr.cl\/inmobiliaria\/wp-json\/wp\/v2\/pages\/1656\/revisions\/3207"}],"wp:attachment":[{"href":"https:\/\/gpr.cl\/inmobiliaria\/wp-json\/wp\/v2\/media?parent=1656"}],"curies":[{"name":"wp","href":"https:\/\/api.w.org\/{rel}","templated":true}]}}